{"id":47,"date":"2023-04-22T08:39:21","date_gmt":"2023-04-22T08:39:21","guid":{"rendered":"https:\/\/nhipoto.com\/?page_id=47"},"modified":"2025-11-29T02:00:42","modified_gmt":"2025-11-29T02:00:42","slug":"thong-tin-lien-he","status":"publish","type":"page","link":"https:\/\/nhipoto.com\/index.php\/thong-tin-lien-he\/","title":{"rendered":"Th\u00f4ng tin li\u00ean h\u1ec7"},"content":{"rendered":"\n<ul>\n<li>\u0110\u1ecba ch\u1ec9: Th\u00f4n Th\u1eafng Tr\u00ed, X\u00e3 Kim Anh, TP H\u00e0 N\u1ed9i<\/li>\n\n\n\n<li>Email: cokhi198@gmail.com<\/li>\n\n\n\n<li>Gian h\u00e0ng tr\u00ean Shopee: <a href=\"https:\/\/shope.ee\/4fZijmgVOk\" target=\"_blank\" rel=\"noreferrer noopener\">shopee.vn\/cokhi198<\/a><\/li>\n\n\n\n<li>Facebook: <a rel=\"noreferrer noopener\" href=\"http:\/\/facebook.com\/cokhi198\" target=\"_blank\">facebook.com\/c<\/a><a href=\"http:\/\/facebook.com\/cokhi198\">okhi198<\/a><\/li>\n\n\n\n<li>Telegram Channel: <a href=\"http:\/\/t.me\/nhipoto\" target=\"_blank\" rel=\"noreferrer noopener\">t.me\/nhipoto<\/a><\/li>\n\n\n\n<li>Tiktok ID: <a rel=\"noreferrer noopener\" href=\"https:\/\/www.tiktok.com\/@nhipoto\" target=\"_blank\">nhipoto<\/a><\/li>\n\n\n\n<li>Instagram: <a rel=\"noreferrer noopener\" href=\"http:\/\/instagram.com\/cokhi198\" target=\"_blank\">instagram.com\/cokhi198<\/a><\/li>\n\n\n\n<li>Mobile\/Zalo\/Lotus chat: 082 888 0139<\/li>\n<\/ul>\n\n\n\n<center><iframe src=\"https:\/\/www.google.com\/maps\/embed?pb=!1m18!1m12!1m3!1d3718.02769010395!2d105.73881767432962!3d21.270371479438044!2m3!1f0!2f0!3f0!3m2!1i1024!2i768!4f13.1!3m3!1m2!1s0x3134fd1f3117baf1%3A0x875f2e612dde5a02!2zQ8O0bmcgdHkgY-G7lSBwaOG6p24gY8ahIGtow60gMTktOA!5e0!3m2!1svi!2s!4v1682153920912!5m2!1svi!2s\" width=\"600\" height=\"450\" style=\"border:0;\" allowfullscreen=\"\" loading=\"lazy\" referrerpolicy=\"no-referrer-when-downgrade\"><\/iframe><\/center>\n\n\n\n<div id=\"frame\" style=\"width: 100%;margin: auto;position: relative; z-index: 99998;\">\n          <iframe data-aa='2418856' src='\/\/acceptable.a-ads.com\/2418856\/?size=Adaptive'\n                            style='border:0; padding:0; width:70%; height:auto; overflow:hidden;display: block;margin: auto'><\/iframe>\n        <\/div>\n","protected":false},"excerpt":{"rendered":"","protected":false},"author":1,"featured_media":0,"parent":0,"menu_order":0,"comment_status":"closed","ping_status":"closed","template":"","meta":{"footnotes":""},"_links":{"self":[{"href":"https:\/\/nhipoto.com\/index.php\/wp-json\/wp\/v2\/pages\/47"}],"collection":[{"href":"https:\/\/nhipoto.com\/index.php\/wp-json\/wp\/v2\/pages"}],"about":[{"href":"https:\/\/nhipoto.com\/index.php\/wp-json\/wp\/v2\/types\/page"}],"author":[{"embeddable":true,"href":"https:\/\/nhipoto.com\/index.php\/wp-json\/wp\/v2\/users\/1"}],"replies":[{"embeddable":true,"href":"https:\/\/nhipoto.com\/index.php\/wp-json\/wp\/v2\/comments?post=47"}],"version-history":[{"count":8,"href":"https:\/\/nhipoto.com\/index.php\/wp-json\/wp\/v2\/pages\/47\/revisions"}],"predecessor-version":[{"id":150,"href":"https:\/\/nhipoto.com\/index.php\/wp-json\/wp\/v2\/pages\/47\/revisions\/150"}],"wp:attachment":[{"href":"https:\/\/nhipoto.com\/index.php\/wp-json\/wp\/v2\/media?parent=47"}],"curies":[{"name":"wp","href":"https:\/\/api.w.org\/{rel}","templated":true}]}}