{"id":53,"date":"2023-04-27T04:28:33","date_gmt":"2023-04-27T04:28:33","guid":{"rendered":"https:\/\/nhipoto.com\/?page_id=53"},"modified":"2025-11-29T02:02:08","modified_gmt":"2025-11-29T02:02:08","slug":"tra-cuu-thong-tin-doanh-nghiep-hoa-don-gtgt","status":"publish","type":"page","link":"https:\/\/nhipoto.com\/index.php\/tra-cuu-thong-tin-doanh-nghiep-hoa-don-gtgt\/","title":{"rendered":"Tra c\u1ee9u th\u00f4ng tin doanh nghi\u1ec7p, h\u00f3a \u0111\u01a1n GTGT"},"content":{"rendered":"\n<h2 class=\"wp-block-heading has-text-align-center\"><strong>C\u00f3 nhi\u1ec1u c\u00e1ch tra c\u1ee9u th\u00f4ng tin doanh nghi\u1ec7p, d\u01b0\u1edbi \u0111\u00e2y l\u00e0 2 c\u00e1ch ph\u1ed5 bi\u1ebfn<\/strong>:<\/h2>\n\n\n\n<ul>\n<li><strong>Tra c\u1ee9u m\u00e3 s\u1ed1 thu\u1ebf&nbsp;doanh nghi\u1ec7p T\u1ed5ng c\u1ee5c thu\u1ebf<\/strong>: <a rel=\"noreferrer noopener\" href=\"http:\/\/tracuunnt.gdt.gov.vn\" target=\"_blank\">http:\/\/tracuunnt.gdt.gov.vn<\/a><\/li>\n\n\n\n<li><strong>Tra m\u00e3 s\u1ed1 thu\u1ebf doanh nghi\u1ec7p tr\u00ean&nbsp;C\u1ed5ng th\u00f4ng tin qu\u1ed1c gia v\u1ec1 \u0111\u0103ng k\u00fd doanh nghi\u1ec7p<\/strong>: <a rel=\"noreferrer noopener\" href=\"https:\/\/dangkykinhdoanh.gov.vn\" target=\"_blank\">https:\/\/dangkykinhdoanh.gov.vn<\/a><\/li>\n<\/ul>\n\n\n\n<hr class=\"wp-block-separator has-alpha-channel-opacity\"\/>\n\n\n\n<h2 class=\"wp-block-heading has-text-align-center\"><strong>C\u00f3 02 c\u00e1ch tra c\u1ee9u h\u00f3a \u0111\u01a1n \u0111i\u1ec7n t\u1eed m\u1edbi nh\u1ea5t<\/strong><\/h2>\n\n\n\n<h3 class=\"wp-block-heading\" id=\"ancho2\"><strong><em>1. C\u00e1ch tra c\u1ee9u h\u00f3a \u0111\u01a1n \u0111i\u1ec7n t\u1eed th\u1ee9 nh\u1ea5t<\/em><\/strong><\/h3>\n\n\n\n<p><em><strong>&#8211; B\u01b0\u1edbc 1: <\/strong><\/em>Truy c\u1eadp website H\u1ec7 th\u1ed1ng h\u00f3a \u0111\u01a1n \u0111i\u1ec7n t\u1eed t\u1ea1i \u0111\u1ecba ch\u1ec9: <a href=\"https:\/\/hoadondientu.gdt.gov.vn\/\" rel=\"noreferrer noopener\" target=\"_blank\">https:\/\/hoadondientu.gdt.gov.vn\/<\/a>.<\/p>\n\n\n\n<p><em><strong>&#8211; B\u01b0\u1edbc 2:<\/strong><\/em> Nh\u1eadp \u0111\u1ea7y \u0111\u1ee7 c\u00e1c th\u00f4ng tin c\u00f3 \u0111\u00e1nh d\u1ea5u *, bao g\u1ed3m:<\/p>\n\n\n\n<p>+ M\u00e3 s\u1ed1 thu\u1ebf ng\u01b0\u1eddi b\u00e1n<\/p>\n\n\n\n<p>+ Lo\u1ea1i h\u00f3a \u0111\u01a1n<\/p>\n\n\n\n<p>+ K\u00fd hi\u1ec7u h\u00f3a \u0111\u01a1n<\/p>\n\n\n\n<p>+ S\u1ed1 h\u00f3a \u0111\u01a1n<\/p>\n\n\n\n<p><em><strong>&#8211; B\u01b0\u1edbc 3:<\/strong><\/em> Nh\u1eadp m\u00e3 captcha v\u00e0 nh\u1ea5n \u201cT\u00ecm ki\u1ebfm\u201d<\/p>\n\n\n\n<figure class=\"wp-block-image size-large\"><img loading=\"lazy\" decoding=\"async\" width=\"1024\" height=\"401\" src=\"https:\/\/nhipoto.com\/wp-content\/uploads\/2023\/04\/tra-cuu-hoa-don-dien-tu-2-1024x401.png\" alt=\"\" class=\"wp-image-54\" srcset=\"https:\/\/nhipoto.com\/wp-content\/uploads\/2023\/04\/tra-cuu-hoa-don-dien-tu-2-1024x401.png 1024w, https:\/\/nhipoto.com\/wp-content\/uploads\/2023\/04\/tra-cuu-hoa-don-dien-tu-2-300x117.png 300w, https:\/\/nhipoto.com\/wp-content\/uploads\/2023\/04\/tra-cuu-hoa-don-dien-tu-2-768x300.png 768w, https:\/\/nhipoto.com\/wp-content\/uploads\/2023\/04\/tra-cuu-hoa-don-dien-tu-2-850x333.png 850w, https:\/\/nhipoto.com\/wp-content\/uploads\/2023\/04\/tra-cuu-hoa-don-dien-tu-2.png 1347w\" sizes=\"(max-width: 1024px) 100vw, 1024px\" \/><\/figure>\n\n\n\n<p><em><strong>&#8211; B\u01b0\u1edbc 4:<\/strong><\/em> Ki\u1ec3m tra k\u1ebft qu\u1ea3 th\u00f4ng tin v\u1ec1 h\u00f3a \u0111\u01a1n tra c\u1ee9u.<\/p>\n\n\n\n<p>+ N\u1ebfu h\u00f3a \u0111\u01a1n \u0111i\u1ec7n t\u1eed h\u1ee3p l\u1ec7: H\u1ec7 th\u1ed1ng s\u1ebd hi\u1ec3n th\u1ecb l\u00e0 \u0110\u00e3 c\u1ea5p m\u00e3 h\u00f3a \u0111\u01a1n.<\/p>\n\n\n\n<p>+ N\u1ebfu h\u00f3a \u0111\u01a1n \u0111i\u1ec7n t\u1eed kh\u00f4ng h\u1ee3p l\u1ec7: H\u1ec7 th\u1ed1ng s\u1ebd hi\u1ec3n th\u1ecb \u201cKh\u00f4ng t\u1ed3n t\u1ea1i h\u00f3a \u0111\u01a1n c\u00f3 th\u00f4ng tin tr\u00f9ng kh\u1edbp v\u1edbi c\u00e1c th\u00f4ng tin t\u1ed5 ch\u1ee9c, c\u00e1 nh\u00e2n t\u00ecm ki\u1ebfm\u201d.<\/p>\n\n\n\n<h3 class=\"wp-block-heading\" id=\"ancho3\"><strong><em>2. C\u00e1ch tra c\u1ee9u h\u00f3a \u0111\u01a1n \u0111i\u1ec7n t\u1eed th\u1ee9 hai<\/em><\/strong><\/h3>\n\n\n\n<p><em><strong>&#8211; B\u01b0\u1edbc 1:<\/strong><\/em> Truy c\u1eadp v\u00e0o \u0111\u1ecba ch\u1ec9 <a href=\"http:\/\/tracuuhoadon.gdt.gov.vn\/tc1hd.html\" rel=\"noreferrer noopener\" target=\"_blank\">http:\/\/tracuuhoadon.gdt.gov.vn\/tc1hd.html<\/a><\/p>\n\n\n\n<p><em><strong>&#8211; B\u01b0\u1edbc 2:<\/strong><\/em> Nh\u1eadp \u0111\u1ea7y \u0111\u1ee7 c\u00e1c th\u00f4ng tin c\u00f3 \u0111\u00e1nh d\u1ea5u *, bao g\u1ed3m:<\/p>\n\n\n\n<p>+ M\u00e3 s\u1ed1 thu\u1ebf ng\u01b0\u1eddi b\u00e1n HHDV<\/p>\n\n\n\n<p>+ M\u1eabu s\u1ed1<\/p>\n\n\n\n<p>+ K\u00fd hi\u1ec7u h\u00f3a \u0111\u01a1n<\/p>\n\n\n\n<p>+ S\u1ed1 h\u00f3a \u0111\u01a1n<\/p>\n\n\n\n<figure class=\"wp-block-image size-full\"><img loading=\"lazy\" decoding=\"async\" width=\"979\" height=\"469\" src=\"https:\/\/nhipoto.com\/wp-content\/uploads\/2023\/04\/tra-cuu-hoa-don-dien-tu-1.png\" alt=\"\" class=\"wp-image-55\" srcset=\"https:\/\/nhipoto.com\/wp-content\/uploads\/2023\/04\/tra-cuu-hoa-don-dien-tu-1.png 979w, https:\/\/nhipoto.com\/wp-content\/uploads\/2023\/04\/tra-cuu-hoa-don-dien-tu-1-300x144.png 300w, https:\/\/nhipoto.com\/wp-content\/uploads\/2023\/04\/tra-cuu-hoa-don-dien-tu-1-768x368.png 768w, https:\/\/nhipoto.com\/wp-content\/uploads\/2023\/04\/tra-cuu-hoa-don-dien-tu-1-850x407.png 850w\" sizes=\"(max-width: 979px) 100vw, 979px\" \/><\/figure>\n\n\n\n<p><em><strong>&#8211; B\u01b0\u1edbc 3:<\/strong><\/em> Nh\u1eadp m\u00e3 x\u00e1c th\u1ef1c v\u00e0 nh\u1ea5n \u201cT\u00ecm ki\u1ebfm\u201d<\/p>\n\n\n\n<h2 class=\"wp-block-heading has-text-align-center\" id=\"ancho4\"><strong>H\u00f3a \u0111\u01a1n \u0111i\u1ec7n t\u1eed l\u00e0 g\u00ec?<\/strong><\/h2>\n\n\n\n<p>H\u00f3a \u0111\u01a1n \u0111i\u1ec7n t\u1eed l\u00e0 h\u00f3a \u0111\u01a1n c\u00f3 m\u00e3 ho\u1eb7c kh\u00f4ng c\u00f3 m\u00e3 c\u1ee7a c\u01a1 quan thu\u1ebf \u0111\u01b0\u1ee3c th\u1ec3 hi\u1ec7n \u1edf d\u1ea1ng d\u1eef li\u1ec7u \u0111i\u1ec7n t\u1eed do t\u1ed5 ch\u1ee9c, c\u00e1 nh\u00e2n b\u00e1n h\u00e0ng h\u00f3a, cung c\u1ea5p d\u1ecbch v\u1ee5 l\u1eadp b\u1eb1ng ph\u01b0\u01a1ng ti\u1ec7n \u0111i\u1ec7n t\u1eed \u0111\u1ec3 ghi nh\u1eadn th\u00f4ng tin b\u00e1n h\u00e0ng h\u00f3a, cung c\u1ea5p d\u1ecbch v\u1ee5 theo quy \u0111\u1ecbnh c\u1ee7a ph\u00e1p lu\u1eadt v\u1ec1 k\u1ebf to\u00e1n, ph\u00e1p lu\u1eadt v\u1ec1 thu\u1ebf, bao g\u1ed3m c\u1ea3 tr\u01b0\u1eddng h\u1ee3p h\u00f3a \u0111\u01a1n \u0111\u01b0\u1ee3c kh\u1edfi t\u1ea1o t\u1eeb m\u00e1y t\u00ednh ti\u1ec1n c\u00f3 k\u1ebft n\u1ed1i chuy\u1ec3n d\u1eef li\u1ec7u \u0111i\u1ec7n t\u1eed v\u1edbi c\u01a1 quan thu\u1ebf, trong \u0111\u00f3:<\/p>\n\n\n\n<p>&#8211; H\u00f3a \u0111\u01a1n \u0111i\u1ec7n t\u1eed c\u00f3 m\u00e3 c\u1ee7a c\u01a1 quan thu\u1ebf l\u00e0 h\u00f3a \u0111\u01a1n \u0111i\u1ec7n t\u1eed \u0111\u01b0\u1ee3c c\u01a1 quan thu\u1ebf c\u1ea5p m\u00e3 tr\u01b0\u1edbc khi t\u1ed5 ch\u1ee9c, c\u00e1 nh\u00e2n b\u00e1n h\u00e0ng h\u00f3a, cung c\u1ea5p d\u1ecbch v\u1ee5 g\u1eedi cho ng\u01b0\u1eddi mua.<\/p>\n\n\n\n<p>M\u00e3 c\u1ee7a c\u01a1 quan thu\u1ebf tr\u00ean h\u00f3a \u0111\u01a1n \u0111i\u1ec7n t\u1eed bao g\u1ed3m s\u1ed1 giao d\u1ecbch l\u00e0 m\u1ed9t d\u00e3y s\u1ed1 duy nh\u1ea5t do h\u1ec7 th\u1ed1ng c\u1ee7a c\u01a1 quan thu\u1ebf t\u1ea1o ra v\u00e0 m\u1ed9t chu\u1ed7i k\u00fd t\u1ef1 \u0111\u01b0\u1ee3c c\u01a1 quan thu\u1ebf m\u00e3 h\u00f3a d\u1ef1a tr\u00ean th\u00f4ng tin c\u1ee7a ng\u01b0\u1eddi b\u00e1n l\u1eadp tr\u00ean h\u00f3a \u0111\u01a1n.<\/p>\n\n\n\n<p>&#8211; H\u00f3a \u0111\u01a1n \u0111i\u1ec7n t\u1eed kh\u00f4ng c\u00f3 m\u00e3 c\u1ee7a c\u01a1 quan thu\u1ebf l\u00e0 h\u00f3a \u0111\u01a1n \u0111i\u1ec7n t\u1eed do t\u1ed5 ch\u1ee9c b\u00e1n h\u00e0ng h\u00f3a, cung c\u1ea5p d\u1ecbch v\u1ee5 g\u1eedi cho ng\u01b0\u1eddi mua kh\u00f4ng c\u00f3 m\u00e3 c\u1ee7a c\u01a1 quan thu\u1ebf.<\/p>\n\n\n\n<p>(Kho\u1ea3n 2 \u0110i\u1ec1u 3 Ngh\u1ecb \u0111\u1ecbnh 123\/2020\/N\u0110-CP)<\/p>\n\n\n\n<h2 class=\"wp-block-heading has-text-align-center\" id=\"ancho5\"><strong>Tr\u01b0\u1eddng h\u1ee3p ng\u1eebng s\u1eed d\u1ee5ng h\u00f3a \u0111\u01a1n \u0111i\u1ec7n t\u1eed<\/strong><\/h2>\n\n\n\n<p>Doanh nghi\u1ec7p, t\u1ed5 ch\u1ee9c kinh t\u1ebf, t\u1ed5 ch\u1ee9c kh\u00e1c, h\u1ed9, c\u00e1 nh\u00e2n kinh doanh thu\u1ed9c c\u00e1c tr\u01b0\u1eddng h\u1ee3p sau ng\u1eebng s\u1eed d\u1ee5ng h\u00f3a \u0111\u01a1n \u0111i\u1ec7n t\u1eed c\u00f3 m\u00e3 c\u1ee7a c\u01a1 quan thu\u1ebf, ng\u1eebng s\u1eed d\u1ee5ng h\u00f3a \u0111\u01a1n \u0111i\u1ec7n t\u1eed kh\u00f4ng c\u00f3 m\u00e3 c\u1ee7a c\u01a1 quan thu\u1ebf:<\/p>\n\n\n\n<p>&#8211; Doanh nghi\u1ec7p, t\u1ed5 ch\u1ee9c kinh t\u1ebf, t\u1ed5 ch\u1ee9c kh\u00e1c, h\u1ed9, c\u00e1 nh\u00e2n kinh doanh ch\u1ea5m d\u1ee9t hi\u1ec7u l\u1ef1c m\u00e3 s\u1ed1 thu\u1ebf;<\/p>\n\n\n\n<p>&#8211; Doanh nghi\u1ec7p, t\u1ed5 ch\u1ee9c kinh t\u1ebf, t\u1ed5 ch\u1ee9c kh\u00e1c, h\u1ed9, c\u00e1 nh\u00e2n kinh doanh thu\u1ed9c tr\u01b0\u1eddng h\u1ee3p c\u01a1 quan thu\u1ebf x\u00e1c minh v\u00e0 th\u00f4ng b\u00e1o kh\u00f4ng ho\u1ea1t \u0111\u1ed9ng t\u1ea1i \u0111\u1ecba ch\u1ec9 \u0111\u00e3 \u0111\u0103ng k\u00fd;<\/p>\n\n\n\n<p>&#8211; Doanh nghi\u1ec7p, t\u1ed5 ch\u1ee9c kinh t\u1ebf, t\u1ed5 ch\u1ee9c kh\u00e1c, h\u1ed9, c\u00e1 nh\u00e2n kinh doanh th\u00f4ng b\u00e1o v\u1edbi c\u01a1 quan qu\u1ea3n l\u00fd nh\u00e0 n\u01b0\u1edbc c\u00f3 th\u1ea9m quy\u1ec1n t\u1ea1m ng\u1eebng kinh doanh;<\/p>\n\n\n\n<p>&#8211; Doanh nghi\u1ec7p, t\u1ed5 ch\u1ee9c kinh t\u1ebf, t\u1ed5 ch\u1ee9c kh\u00e1c, h\u1ed9, c\u00e1 nh\u00e2n kinh doanh c\u00f3 th\u00f4ng b\u00e1o c\u1ee7a c\u01a1 quan thu\u1ebf v\u1ec1 vi\u1ec7c ng\u1eebng s\u1eed d\u1ee5ng h\u00f3a \u0111\u01a1n \u0111i\u1ec7n t\u1eed \u0111\u1ec3 th\u1ef1c hi\u1ec7n c\u01b0\u1ee1ng ch\u1ebf n\u1ee3 thu\u1ebf;<\/p>\n\n\n\n<p>&#8211; Tr\u01b0\u1eddng h\u1ee3p c\u00f3 h\u00e0nh vi s\u1eed d\u1ee5ng h\u00f3a \u0111\u01a1n \u0111i\u1ec7n t\u1eed \u0111\u1ec3 b\u00e1n h\u00e0ng nh\u1eadp l\u1eadu, h\u00e0ng c\u1ea5m, h\u00e0ng gi\u1ea3, h\u00e0ng x\u00e2m ph\u1ea1m quy\u1ec1n s\u1edf h\u1eefu tr\u00ed tu\u1ec7 b\u1ecb c\u01a1 quan ch\u1ee9c n\u0103ng ph\u00e1t hi\u1ec7n v\u00e0 th\u00f4ng b\u00e1o cho c\u01a1 quan thu\u1ebf;<\/p>\n\n\n\n<p>&#8211; Tr\u01b0\u1eddng h\u1ee3p c\u00f3 h\u00e0nh vi l\u1eadp h\u00f3a \u0111\u01a1n \u0111i\u1ec7n t\u1eed ph\u1ee5c v\u1ee5 m\u1ee5c \u0111\u00edch b\u00e1n kh\u1ed1ng h\u00e0ng h\u00f3a, cung c\u1ea5p d\u1ecbch v\u1ee5 \u0111\u1ec3 chi\u1ebfm \u0111o\u1ea1t ti\u1ec1n c\u1ee7a t\u1ed5 ch\u1ee9c, c\u00e1 nh\u00e2n b\u1ecb c\u01a1 quan ch\u1ee9c n\u0103ng ph\u00e1t hi\u1ec7n v\u00e0 th\u00f4ng b\u00e1o cho c\u01a1 quan thu\u1ebf;<\/p>\n\n\n\n<p>&#8211; Tr\u01b0\u1eddng h\u1ee3p c\u01a1 quan \u0111\u0103ng k\u00fd kinh doanh, c\u01a1 quan nh\u00e0 n\u01b0\u1edbc c\u00f3 th\u1ea9m quy\u1ec1n y\u00eau c\u1ea7u doanh nghi\u1ec7p t\u1ea1m ng\u1eebng kinh doanh ng\u00e0nh, ngh\u1ec1 kinh doanh c\u00f3 \u0111i\u1ec1u ki\u1ec7n khi ph\u00e1t hi\u1ec7n doanh nghi\u1ec7p kh\u00f4ng c\u00f3 \u0111\u1ee7 \u0111i\u1ec1u ki\u1ec7n kinh doanh theo quy \u0111\u1ecbnh c\u1ee7a ph\u00e1p lu\u1eadt.<\/p>\n\n\n\n<p>C\u0103n c\u1ee9 k\u1ebft qu\u1ea3 thanh tra, ki\u1ec3m tra, n\u1ebfu c\u01a1 quan thu\u1ebf x\u00e1c \u0111\u1ecbnh doanh nghi\u1ec7p \u0111\u01b0\u1ee3c th\u00e0nh l\u1eadp \u0111\u1ec3 th\u1ef1c hi\u1ec7n mua b\u00e1n, s\u1eed d\u1ee5ng h\u00f3a \u0111\u01a1n \u0111i\u1ec7n t\u1eed kh\u00f4ng h\u1ee3p ph\u00e1p ho\u1eb7c s\u1eed d\u1ee5ng kh\u00f4ng h\u1ee3p ph\u00e1p h\u00f3a \u0111\u01a1n \u0111i\u1ec7n t\u1eed \u0111\u1ec3 tr\u1ed1n thu\u1ebf theo quy \u0111\u1ecbnh th\u00ec c\u01a1 quan thu\u1ebf ban h\u00e0nh quy\u1ebft \u0111\u1ecbnh ng\u1eebng s\u1eed d\u1ee5ng h\u00f3a \u0111\u01a1n \u0111i\u1ec7n t\u1eed; doanh nghi\u1ec7p b\u1ecb x\u1eed l\u00fd theo quy \u0111\u1ecbnh c\u1ee7a ph\u00e1p lu\u1eadt.<\/p>\n\n\n\n<p>(Kho\u1ea3n 1 \u0110i\u1ec1u 16 Ngh\u1ecb \u0111\u1ecbnh 123\/2020\/N\u0110-CP)<\/p>\n\n\n\n<hr class=\"wp-block-separator has-alpha-channel-opacity\"\/>\n\n\n\n<div id=\"frame\" style=\"width: 100%;margin: auto;position: relative; z-index: 99998;\">\n          <iframe data-aa='2418856' src='\/\/acceptable.a-ads.com\/2418856\/?size=Adaptive'\n                            style='border:0; padding:0; width:70%; height:auto; overflow:hidden;display: block;margin: auto'><\/iframe>\n        <\/div>\n","protected":false},"excerpt":{"rendered":"<p>C\u00f3 nhi\u1ec1u c\u00e1ch tra c\u1ee9u th\u00f4ng tin doanh nghi\u1ec7p, d\u01b0\u1edbi \u0111\u00e2y l\u00e0 2 c\u00e1ch ph\u1ed5 bi\u1ebfn: C\u00f3 02 c\u00e1ch tra c\u1ee9u h\u00f3a \u0111\u01a1n \u0111i\u1ec7n t\u1eed m\u1edbi nh\u1ea5t 1. C\u00e1ch tra c\u1ee9u h\u00f3a \u0111\u01a1n \u0111i\u1ec7n t\u1eed th\u1ee9 nh\u1ea5t &#8211; B\u01b0\u1edbc 1: Truy c\u1eadp website H\u1ec7 th\u1ed1ng h\u00f3a \u0111\u01a1n \u0111i\u1ec7n t\u1eed t\u1ea1i \u0111\u1ecba ch\u1ec9: https:\/\/hoadondientu.gdt.gov.vn\/. &#8211; B\u01b0\u1edbc&#8230;<\/p>\n","protected":false},"author":1,"featured_media":0,"parent":0,"menu_order":0,"comment_status":"closed","ping_status":"closed","template":"","meta":{"footnotes":""},"_links":{"self":[{"href":"https:\/\/nhipoto.com\/index.php\/wp-json\/wp\/v2\/pages\/53"}],"collection":[{"href":"https:\/\/nhipoto.com\/index.php\/wp-json\/wp\/v2\/pages"}],"about":[{"href":"https:\/\/nhipoto.com\/index.php\/wp-json\/wp\/v2\/types\/page"}],"author":[{"embeddable":true,"href":"https:\/\/nhipoto.com\/index.php\/wp-json\/wp\/v2\/users\/1"}],"replies":[{"embeddable":true,"href":"https:\/\/nhipoto.com\/index.php\/wp-json\/wp\/v2\/comments?post=53"}],"version-history":[{"count":3,"href":"https:\/\/nhipoto.com\/index.php\/wp-json\/wp\/v2\/pages\/53\/revisions"}],"predecessor-version":[{"id":151,"href":"https:\/\/nhipoto.com\/index.php\/wp-json\/wp\/v2\/pages\/53\/revisions\/151"}],"wp:attachment":[{"href":"https:\/\/nhipoto.com\/index.php\/wp-json\/wp\/v2\/media?parent=53"}],"curies":[{"name":"wp","href":"https:\/\/api.w.org\/{rel}","templated":true}]}}